{"id":15,"date":"2022-05-13T06:30:15","date_gmt":"2022-05-13T06:30:15","guid":{"rendered":"https:\/\/newwebsite.rebecca-rosenthal.com\/?page_id=15"},"modified":"2026-03-03T22:37:30","modified_gmt":"2026-03-03T20:37:30","slug":"legal-notice","status":"publish","type":"page","link":"https:\/\/rebecca-rosenthal.com\/de\/legal-notice\/","title":{"rendered":"Impressum"},"content":{"rendered":"<h2 class=\"wp-block-heading\">Verantwortlich f\u00fcr den Inhalt dieser Webseite<\/h2>\n\n\n\n<p>Rebecca Rosenthal<br>Sakrower Landstr. 101 F<br>14089 Berlin<br>Deutschland<br>Telefon: +49 (0) 30 3472 7936<br>E-Mail: <a href=\"mailto:mail@rebecca-rosenthal.com\">mail@rebecca-rosenthal.com<\/a><br>Umsatzsteuer-Identifikationsnummer: DE307416505<\/p>\n\n\n\n<div style=\"height:20px\" aria-hidden=\"true\" class=\"wp-block-spacer\"><\/div>\n\n\n\n<div style=\"height:30px\" aria-hidden=\"true\" class=\"wp-block-spacer\"><\/div>\n\n\n\n<h2 class=\"wp-block-heading\">Haftungsausschluss<\/h2>\n\n\n\n<h4 class=\"wp-block-heading\">1. Haftungsbeschr\u00e4nkung<\/h4>\n\n\n\n<p>Die Inhalte des Internetauftritts wurden mit gr\u00f6\u00dftm\u00f6glicher Sorgfalt und nach bestem Gewissen erstellt. Dennoch \u00fcbernimmt die Anbieterin dieser Webseite keine Gew\u00e4hr f\u00fcr die Aktualit\u00e4t, Vollst\u00e4ndigkeit und Richtigkeit der bereitgestellten Seiten und Inhalte.<\/p>\n\n\n\n<p>Als Dienstanbieterin ist der Anbieterin dieser Webseite gem\u00e4\u00df \u00a7 7 Abs. 1 TMG f\u00fcr eigene Inhalte und bereitgestellte Informationen auf diesen Seiten nach den allgemeinen Gesetzen verantwortlich; nach den \u00a7\u00a7 8 bis 10 TMG jedoch nicht verpflichtet, die \u00fcbermittelten oder gespeicherten fremden Informationen zu \u00fcberwachen. Eine Entfernung oder Sperrung dieser Inhalte erfolgt umgehend ab dem Zeitpunkt der Kenntnis einer konkreten Rechtsverletzung. Eine Haftung ist erst ab dem Zeitpunkt der Kenntniserlangung m\u00f6glich.<\/p>\n\n\n\n<h4 class=\"wp-block-heading\">2. Externe Links<\/h4>\n\n\n\n<p>Die Webseite enth\u00e4lt sogenannte \u201eexterne Links\u201c (Verlinkungen) zu anderen Webseiten, auf deren Inhalt die Anbieterin der Webseite keinen Einfluss hat. Aus diesem Grund kann die Anbieterin f\u00fcr diese Inhalte auch keine Gew\u00e4hr \u00fcbernehmen. F\u00fcr die Inhalte und Richtigkeit der bereitgestellten Informationen ist der\/die jeweilige Anbieter:in der verlinkten Webseite verantwortlich. Zum Zeitpunkt der Verlinkung waren keine Rechtsverst\u00f6\u00dfe erkennbar. Bei Bekanntwerden einer solchen Rechtsverletzung wird der Link umgehend entfernen.<\/p>\n\n\n\n<h4 class=\"wp-block-heading\">3. Urheberrecht\/Leistungsschutzrecht<\/h4>\n\n\n\n<p>Die auf dieser Webseite ver\u00f6ffentlichten Inhalte, Werke und bereitgestellten Informationen unterliegen dem deutschen Urheberrecht und Leistungsschutzrecht. Jede Art der Vervielf\u00e4ltigung, Bearbeitung, Verbreitung, Einspeicherung und jede Art der Verwertung au\u00dferhalb der Grenzen des Urheberrechts bedarf der vorherigen schriftlichen Zustimmung des\/der jeweiligen Rechteinhaber:in. Das unerlaubte Kopieren\/Speichern der bereitgestellten Informationen auf diesen Webseiten ist nicht gestattet und strafbar. <\/p>","protected":false},"excerpt":{"rendered":"<p>Responsible for the content of this website Rebecca RosenthalSakrower Landstr. 101 F14089 BerlinGermanyPhone: +49 (0) 30 3472 7936Email: mail@rebecca-rosenthal.comVAT identification number: DE307416505 Disclaimer 1. Limitation of Liability The contents of this website have been prepared with the greatest possible care and to the best of my knowledge. Nevertheless, the provider of this website does not &hellip;<\/p>\n<p class=\"read-more\"> <a class=\"\" href=\"https:\/\/rebecca-rosenthal.com\/de\/legal-notice\/\"> <span class=\"screen-reader-text\">Impressum<\/span> Weiterlesen &raquo;<\/a><\/p>","protected":false},"author":1,"featured_media":0,"parent":0,"menu_order":0,"comment_status":"closed","ping_status":"closed","template":"","meta":{"site-sidebar-layout":"default","site-content-layout":"default","ast-global-header-display":"","ast-main-header-display":"","ast-hfb-above-header-display":"","ast-hfb-below-header-display":"","ast-hfb-mobile-header-display":"","site-post-title":"","ast-breadcrumbs-content":"","ast-featured-img":"","footer-sml-layout":"","theme-transparent-header-meta":"","adv-header-id-meta":"","stick-header-meta":"","header-above-stick-meta":"","header-main-stick-meta":"","header-below-stick-meta":"","footnotes":""},"class_list":["post-15","page","type-page","status-publish","hentry"],"yoast_head":"<!-- This site is optimized with the Yoast SEO plugin v19.6 - https:\/\/yoast.com\/wordpress\/plugins\/seo\/ -->\n<title>Legal Notice - Rebecca Rosenthal<\/title>\n<meta name=\"robots\" content=\"index, follow, max-snippet:-1, max-image-preview:large, max-video-preview:-1\" \/>\n<link rel=\"canonical\" href=\"https:\/\/rebecca-rosenthal.com\/de\/legal-notice\/\" \/>\n<meta property=\"og:locale\" content=\"de_DE\" \/>\n<meta property=\"og:type\" content=\"article\" \/>\n<meta property=\"og:title\" content=\"Legal Notice - Rebecca Rosenthal\" \/>\n<meta property=\"og:description\" content=\"Responsible for the content of this website Rebecca RosenthalSakrower Landstr. 101 F14089 BerlinGermanyPhone: +49 (0) 30 3472 7936Email: mail@rebecca-rosenthal.comVAT identification number: DE307416505 Disclaimer 1. Limitation of Liability The contents of this website have been prepared with the greatest possible care and to the best of my knowledge. Nevertheless, the provider of this website does not &hellip; Legal Notice Weiterlesen &raquo;\" \/>\n<meta property=\"og:url\" content=\"https:\/\/rebecca-rosenthal.com\/de\/legal-notice\/\" \/>\n<meta property=\"og:site_name\" content=\"Rebecca Rosenthal\" \/>\n<meta property=\"article:modified_time\" content=\"2026-03-03T20:37:30+00:00\" \/>\n<meta name=\"twitter:card\" content=\"summary_large_image\" \/>\n<meta name=\"twitter:label1\" content=\"Gesch\u00e4tzte Lesezeit\" \/>\n\t<meta name=\"twitter:data1\" content=\"1\u00a0Minute\" \/>\n<script type=\"application\/ld+json\" class=\"yoast-schema-graph\">{\"@context\":\"https:\/\/schema.org\",\"@graph\":[{\"@type\":\"WebPage\",\"@id\":\"https:\/\/rebecca-rosenthal.com\/legal-notice\/\",\"url\":\"https:\/\/rebecca-rosenthal.com\/legal-notice\/\",\"name\":\"Legal Notice - Rebecca Rosenthal\",\"isPartOf\":{\"@id\":\"https:\/\/rebecca-rosenthal.com\/#website\"},\"datePublished\":\"2022-05-13T06:30:15+00:00\",\"dateModified\":\"2026-03-03T20:37:30+00:00\",\"breadcrumb\":{\"@id\":\"https:\/\/rebecca-rosenthal.com\/legal-notice\/#breadcrumb\"},\"inLanguage\":\"de\",\"potentialAction\":[{\"@type\":\"ReadAction\",\"target\":[\"https:\/\/rebecca-rosenthal.com\/legal-notice\/\"]}]},{\"@type\":\"BreadcrumbList\",\"@id\":\"https:\/\/rebecca-rosenthal.com\/legal-notice\/#breadcrumb\",\"itemListElement\":[{\"@type\":\"ListItem\",\"position\":1,\"name\":\"Home\",\"item\":\"https:\/\/rebecca-rosenthal.com\/\"},{\"@type\":\"ListItem\",\"position\":2,\"name\":\"Legal Notice\"}]},{\"@type\":\"WebSite\",\"@id\":\"https:\/\/rebecca-rosenthal.com\/#website\",\"url\":\"https:\/\/rebecca-rosenthal.com\/\",\"name\":\"Rebecca Rosenthal\",\"description\":\"Independent Writer and Translator for German, English and Chinese\",\"publisher\":{\"@id\":\"https:\/\/rebecca-rosenthal.com\/#\/schema\/person\/a5e5a537d028eecf5c1ff62ebec404a9\"},\"potentialAction\":[{\"@type\":\"SearchAction\",\"target\":{\"@type\":\"EntryPoint\",\"urlTemplate\":\"https:\/\/rebecca-rosenthal.com\/?s={search_term_string}\"},\"query-input\":\"required name=search_term_string\"}],\"inLanguage\":\"de\"},{\"@type\":[\"Person\",\"Organization\"],\"@id\":\"https:\/\/rebecca-rosenthal.com\/#\/schema\/person\/a5e5a537d028eecf5c1ff62ebec404a9\",\"name\":\"Rebecca Rosenthal\",\"image\":{\"@type\":\"ImageObject\",\"inLanguage\":\"de\",\"@id\":\"https:\/\/rebecca-rosenthal.com\/#\/schema\/person\/image\/\",\"url\":\"https:\/\/rebecca-rosenthal.com\/wp-content\/uploads\/2022\/05\/Rebecca-Rosenthal-about-me.jpg\",\"contentUrl\":\"https:\/\/rebecca-rosenthal.com\/wp-content\/uploads\/2022\/05\/Rebecca-Rosenthal-about-me.jpg\",\"width\":1100,\"height\":969,\"caption\":\"Rebecca Rosenthal\"},\"logo\":{\"@id\":\"https:\/\/rebecca-rosenthal.com\/#\/schema\/person\/image\/\"},\"sameAs\":[\"https:\/\/www.linkedin.com\/in\/rebecca-rosenthal-12baa45b\/\"]}]}<\/script>\n<!-- \/ Yoast SEO plugin. -->","yoast_head_json":{"title":"Impressum - Rebecca Rosenthal","robots":{"index":"index","follow":"follow","max-snippet":"max-snippet:-1","max-image-preview":"max-image-preview:large","max-video-preview":"max-video-preview:-1"},"canonical":"https:\/\/rebecca-rosenthal.com\/de\/legal-notice\/","og_locale":"de_DE","og_type":"article","og_title":"Legal Notice - Rebecca Rosenthal","og_description":"Responsible for the content of this website Rebecca RosenthalSakrower Landstr. 101 F14089 BerlinGermanyPhone: +49 (0) 30 3472 7936Email: mail@rebecca-rosenthal.comVAT identification number: DE307416505 Disclaimer 1. Limitation of Liability The contents of this website have been prepared with the greatest possible care and to the best of my knowledge. Nevertheless, the provider of this website does not &hellip; Legal Notice Weiterlesen &raquo;","og_url":"https:\/\/rebecca-rosenthal.com\/de\/legal-notice\/","og_site_name":"Rebecca Rosenthal","article_modified_time":"2026-03-03T20:37:30+00:00","twitter_card":"summary_large_image","twitter_misc":{"Gesch\u00e4tzte Lesezeit":"1\u00a0Minute"},"schema":{"@context":"https:\/\/schema.org","@graph":[{"@type":"WebPage","@id":"https:\/\/rebecca-rosenthal.com\/legal-notice\/","url":"https:\/\/rebecca-rosenthal.com\/legal-notice\/","name":"Impressum - Rebecca Rosenthal","isPartOf":{"@id":"https:\/\/rebecca-rosenthal.com\/#website"},"datePublished":"2022-05-13T06:30:15+00:00","dateModified":"2026-03-03T20:37:30+00:00","breadcrumb":{"@id":"https:\/\/rebecca-rosenthal.com\/legal-notice\/#breadcrumb"},"inLanguage":"de","potentialAction":[{"@type":"ReadAction","target":["https:\/\/rebecca-rosenthal.com\/legal-notice\/"]}]},{"@type":"BreadcrumbList","@id":"https:\/\/rebecca-rosenthal.com\/legal-notice\/#breadcrumb","itemListElement":[{"@type":"ListItem","position":1,"name":"Home","item":"https:\/\/rebecca-rosenthal.com\/"},{"@type":"ListItem","position":2,"name":"Legal Notice"}]},{"@type":"WebSite","@id":"https:\/\/rebecca-rosenthal.com\/#website","url":"https:\/\/rebecca-rosenthal.com\/","name":"Rebecca Rosenthal","description":"Independent Writer and Translator for German, English and Chinese","publisher":{"@id":"https:\/\/rebecca-rosenthal.com\/#\/schema\/person\/a5e5a537d028eecf5c1ff62ebec404a9"},"potentialAction":[{"@type":"SearchAction","target":{"@type":"EntryPoint","urlTemplate":"https:\/\/rebecca-rosenthal.com\/?s={search_term_string}"},"query-input":"required name=search_term_string"}],"inLanguage":"de"},{"@type":["Person","Organization"],"@id":"https:\/\/rebecca-rosenthal.com\/#\/schema\/person\/a5e5a537d028eecf5c1ff62ebec404a9","name":"Rebecca Rosenthal","image":{"@type":"ImageObject","inLanguage":"de","@id":"https:\/\/rebecca-rosenthal.com\/#\/schema\/person\/image\/","url":"https:\/\/rebecca-rosenthal.com\/wp-content\/uploads\/2022\/05\/Rebecca-Rosenthal-about-me.jpg","contentUrl":"https:\/\/rebecca-rosenthal.com\/wp-content\/uploads\/2022\/05\/Rebecca-Rosenthal-about-me.jpg","width":1100,"height":969,"caption":"Rebecca Rosenthal"},"logo":{"@id":"https:\/\/rebecca-rosenthal.com\/#\/schema\/person\/image\/"},"sameAs":["https:\/\/www.linkedin.com\/in\/rebecca-rosenthal-12baa45b\/"]}]}},"_links":{"self":[{"href":"https:\/\/rebecca-rosenthal.com\/de\/wp-json\/wp\/v2\/pages\/15","targetHints":{"allow":["GET"]}}],"collection":[{"href":"https:\/\/rebecca-rosenthal.com\/de\/wp-json\/wp\/v2\/pages"}],"about":[{"href":"https:\/\/rebecca-rosenthal.com\/de\/wp-json\/wp\/v2\/types\/page"}],"author":[{"embeddable":true,"href":"https:\/\/rebecca-rosenthal.com\/de\/wp-json\/wp\/v2\/users\/1"}],"replies":[{"embeddable":true,"href":"https:\/\/rebecca-rosenthal.com\/de\/wp-json\/wp\/v2\/comments?post=15"}],"version-history":[{"count":9,"href":"https:\/\/rebecca-rosenthal.com\/de\/wp-json\/wp\/v2\/pages\/15\/revisions"}],"predecessor-version":[{"id":1258,"href":"https:\/\/rebecca-rosenthal.com\/de\/wp-json\/wp\/v2\/pages\/15\/revisions\/1258"}],"wp:attachment":[{"href":"https:\/\/rebecca-rosenthal.com\/de\/wp-json\/wp\/v2\/media?parent=15"}],"curies":[{"name":"wp","href":"https:\/\/api.w.org\/{rel}","templated":true}]}}